{"id":18,"date":"2015-03-10T14:21:41","date_gmt":"2015-03-10T14:21:41","guid":{"rendered":"http:\/\/kraljevska-akademija.edu.rs\/wordpress\/?page_id=18"},"modified":"2015-04-30T14:57:42","modified_gmt":"2015-04-30T14:57:42","slug":"%d0%b8%d1%81%d1%82%d0%be%d1%80%d0%b8%d1%98%d0%b0%d1%82-%d0%b0%d0%ba%d0%b0%d0%b4%d0%b5%d0%bc%d0%b8%d1%98%d0%b5","status":"publish","type":"page","link":"https:\/\/kraljevska-akademija.edu.rs\/?page_id=18","title":{"rendered":"\u0418\u0421\u0422\u041e\u0420\u0418\u0408\u0410\u0422 \/ HISTORY"},"content":{"rendered":"<div class=\"responsive-tabs\">\n<h2 class=\"tabtitle\">\u0421\u0420\u0411<\/h2>\n<div class=\"tabcontent\">\n\n<h3><span style=\"color: #2a6c93;\">\u0418\u0441\u0442\u043e\u0440\u0438\u0458\u0430\u0442 \u0410\u043a\u0430\u0434\u0435\u043c\u0438\u0458\u0435<\/span><\/h3>\n<p>\u0421\u0440\u043f\u0441\u043a\u0430 \u041a\u0440\u0430\u0459\u0435\u0432\u0441\u043a\u0430 \u0410\u043a\u0430\u0434\u0435\u043c\u0438\u0458\u0430 \u043d\u0430\u0443\u0447\u043d\u0438\u043a\u0430 \u0438 \u0443\u043c\u0435\u0442\u043d\u0438\u043a\u0430 \u0438\u043c\u0430 \u0446\u0438\u0459 \u0434\u0430 \u043f\u043e\u0441\u043b\u0435 126 \u0433\u043e\u0434\u0438\u043d\u0430, \u043d\u0430\u0441\u0442\u0430\u0432\u0438 \u0434\u0430 \u0438\u0441\u043f\u0443\u045a\u0430\u0432\u0430 \u0437\u0430\u0434\u0430\u0442\u043a\u0435 \u0438 \u043e\u0431\u0430\u0432\u0435\u0437\u0435 \u043d\u0435\u0433\u0434\u0430\u0448\u045a\u0435 \u0421\u0440\u043f\u0441\u043a\u0435 \u041a\u0440\u0430\u0459\u0435\u0432\u0441\u043a\u0435 \u0410\u043a\u0430\u0434\u0435\u043c\u0438\u0458\u0435 \u043e\u0441\u043d\u043e\u0432\u0430\u043d\u0435 1886. \u0433\u043e\u0434\u0438\u043d\u0435 \u0430 \u0443\u0433\u0430\u0448\u0435\u043d\u0435 \u043d\u0430 \u043f\u043e\u0447\u0435\u0442\u043a\u0443 \u0414\u0440\u0443\u0433\u043e\u0433 \u0421\u0432\u0435\u0442\u0441\u043a\u0433 \u0440\u0430\u0442\u0430.<\/p>\n<p>\u0426\u0438\u0459\u0435\u0432\u0438 \u043a\u043e\u0458\u0435 \u0458\u0435 \u043f\u0440\u0435\u0434 \u0441\u0435\u0431\u0435 \u043f\u043e\u0441\u0442\u0430\u0432\u0438\u043b\u0430 \u0421\u0440\u043f\u0441\u043a\u0430 \u041a\u0440\u0430\u0459\u0435\u0432\u0441\u043a\u0430 \u0410\u043a\u0430\u0434\u0435\u043c\u0438\u0458\u0430 \u0443 \u0442\u043e \u0432\u0440\u0435\u043c\u0435 \u0431\u0438\u043b\u0438 \u0441\u0443 \u0434\u0430 \u201e\u043d\u0430\u0443\u043a\u0443 \u043e\u0431\u0440\u0430\u0452\u0443\u0458\u0435 \u0438 \u0443\u043d\u0430\u043f\u0440\u0435\u0452\u0443\u0458\u0435, \u0434\u0430 \u043f\u043e\u0441\u0442\u0430\u0432\u0459\u0430 \u0438 \u043e\u0434\u0440\u0436\u0430\u0432\u0430 \u0437\u0434\u0440\u0430\u0432\u0435 \u043e\u0441\u043d\u043e\u0432\u0435 \u043d\u0430\u0443\u0447\u043d\u043e\u043c \u0441\u0443\u0434\u0443, \u0434\u0430 \u043e\u0431\u0435\u043b\u043e\u0434\u0430\u045a\u0443\u0458\u0435 \u0438 \u0438\u0437\u0430\u0437\u0438\u0432\u0430 \u043d\u0430\u0443\u0447\u043d\u0430 \u0438\u0441\u0442\u0440\u0430\u0436\u0438\u0432\u0430\u045a\u0430 \u0443 \u043f\u0440\u0438\u0440\u043e\u0434\u0438, \u0434\u0440\u0443\u0448\u0442\u0432\u0443 \u0438 \u0438\u0441\u0442\u043e\u0440\u0438\u0458\u0441\u043a\u0438\u043c \u0441\u043f\u043e\u043c\u0435\u043d\u0438\u0446\u0438\u043c\u0430, \u0434\u0430 \u043f\u043e\u0434\u043f\u043e\u043c\u0430\u0436\u0435 \u0443\u0434\u043e\u043c\u0430\u045b\u0438\u0432\u0430\u045a\u0435 \u0432\u0438\u0448\u0438\u0445 \u0443\u043c\u0435\u0442\u043d\u043e\u0441\u0442\u0438, \u0434\u0430 \u0443\u0434\u0440\u0443\u0436\u0435\u043d\u043e\u043c \u0441\u043d\u0430\u0433\u043e\u043c \u0437\u0430 \u043d\u0430\u043f\u0440\u0435\u0434\u0430\u043a \u043f\u0440\u043e\u0441\u0432\u0435\u0442\u0435 \u0438\u0437\u0432\u0440\u0448\u0430\u0432\u0430 \u043e\u043d\u043e, \u0437\u0430\u0448\u0442\u0430 \u0458\u0435 \u043f\u043e\u0441\u0435\u0431\u043d\u0430 \u0441\u043d\u0430\u0433\u0430 \u043d\u0435\u0434\u043e\u0432\u043e\u0459\u043d\u0430.\u201c<\/p>\n<p>\u0414\u0430\u043d\u0430\u0448\u045a\u0430 \u0421\u0440\u043f\u0441\u043a\u0430 \u041a\u0440\u0430\u0459\u0435\u0432\u0441\u043a\u0430 \u0410\u043a\u0430\u0434\u0435\u043c\u0438\u0458\u0430 \u043d\u0430\u0443\u0447\u043d\u0438\u043a\u0430 \u0438 \u0443\u043c\u0435\u0442\u043d\u0438\u043a\u0430 \u043f\u0440\u0435\u0443\u0437\u0435\u043b\u0430 \u0458\u0435 \u043e\u0431\u0430\u0432\u0435\u0437\u0443 \u0434\u0430 \u043e\u0432\u0435 \u0446\u0438\u0459\u0435\u0432\u0435 \u0440\u0435\u0430\u043b\u0438\u0437\u0443\u0458\u0435 \u0443 \u0441\u0430\u0432\u0440\u0435\u043c\u0435\u043d\u0438\u043c \u0443\u0441\u043b\u043e\u0432\u0438\u043c\u0430, \u0443 \u043a\u043e\u0458\u0438\u043c\u0430 \u0441\u0435 \u043d\u0430\u043b\u0430\u0437\u0438 \u0441\u0440\u043f\u0441\u043a\u0438 \u043d\u0430\u0440\u043e\u0434 \u0443 \u0440\u0430\u0441\u0435\u0458\u0430\u045a\u0443 \u0438 \u0443 \u045a\u0435\u0433\u043e\u0432\u043e\u0458 \u043c\u0430\u0442\u0438\u0446\u0438, \u0420\u0435\u043f\u0443\u0431\u043b\u0438\u0446\u0438 \u0421\u0440\u0431\u0438\u0458\u0438.<\/p>\n<p>\u0421\u041a\u0410\u041d\u0423 \u043d\u0430\u043c\u0435\u0440\u0430\u0432\u0430 \u0434\u0430 \u043e\u043a\u0443\u043f\u0459\u0430 \u0438 \u043f\u0440\u043e\u043c\u043e\u0432\u0438\u0448\u0435 \u043d\u0430\u0443\u0447\u043d\u0435 \u0438 \u0443\u043c\u0435\u0442\u043d\u0438\u0447\u043a\u0435 \u043f\u043e\u0442\u0435\u043d\u0446\u0438\u0458\u0430\u043b\u0435 \u043d\u0430\u0448\u0438\u0445 \u0433\u0440\u0430\u0452\u0430\u043d\u0430 \u043a\u0430\u043a\u043e \u0443 \u0434\u0438\u0458\u0430\u0441\u043f\u043e\u0440\u0438, \u0442\u0430\u043a\u043e \u0438 \u0443 \u043c\u0430\u0442\u0438\u0446\u0438, \u0434\u0430 \u043f\u043e\u0434\u0441\u0442\u0438\u0447\u0435 \u043d\u0430\u0440\u043e\u0447\u0438\u0442\u043e \u043d\u0430\u0458\u043c\u043b\u0430\u0452\u0435, \u0430\u043b\u0438 \u0438 \u0441\u0432\u0435 \u0434\u0440\u0443\u0433\u0435 \u043d\u0430\u0448\u0435 \u0434\u0430\u0440\u043e\u0432\u0438\u0442\u0435 \u0438 \u0432\u0440\u0435\u0434\u043d\u0435 \u0459\u0443\u0434\u0435, \u0434\u0430 \u043d\u0430 \u0442\u0435\u043c\u0435\u0459\u0438\u043c\u0430 \u043a\u043e\u0458\u0435 \u0441\u0443 \u043f\u043e\u0441\u0442\u0430\u0432\u0438\u043b\u0438 \u0421\u0432\u0435\u0442\u0438 \u0421\u0430\u0432\u0430, \u041d\u0438\u043a\u043e\u043b\u0430 \u0422\u0435\u0441\u043b\u0430, \u0421\u0432\u0435\u0442\u0438 \u0412\u043b\u0430\u0434\u0438\u043a\u0430 \u041d\u0438\u043a\u043e\u043b\u0430\u0458 \u0412\u0435\u043b\u0438\u043c\u0438\u0440\u043e\u0432\u0438\u045b, \u0408\u043e\u0441\u0438\u0444 \u041f\u0430\u043d\u0447\u0438\u045b, \u041c\u0438\u043b\u0443\u0442\u0438\u043d \u041c\u0438\u043b\u0430\u043d\u043a\u043e\u0432\u0438\u045b, \u041c\u0438\u0445\u0430\u0458\u043b\u043e \u041f\u0443\u043f\u0438\u043d \u0438 \u043c\u043d\u043e\u0433\u0438 \u0434\u0440\u0443\u0433\u0438, \u0434\u043e\u043f\u0440\u0438\u043d\u0435\u0441\u0443 \u0440\u0430\u0437\u0432\u043e\u0458\u0443 \u0438 \u0443\u0433\u043b\u0435\u0434\u0443 \u0421\u0440\u0431\u0438\u0458\u0435.<\/p>\n<p>\u0414\u043e\u0431\u0430 \u0433\u043b\u043e\u0431\u0430\u043b\u0438\u0437\u0430\u0446\u0438\u0458\u0435 \u0434\u043e\u0432\u043e\u0434\u0438 \u0434\u043e \u0440\u0430\u0441\u0442\u0430\u043a\u0430\u045a\u0430 \u0431\u0440\u043e\u0458\u043d\u0438\u0445 \u0443\u0434\u0440\u0443\u0436\u0435\u045a\u0430, \u0440\u0430\u0437\u0431\u0438\u0458\u0430\u045a\u0430 \u043f\u043e\u0440\u043e\u0434\u0438\u0446\u0435, \u0430\u0442\u043e\u043c\u0438\u0437\u0430\u0446\u0438\u0458\u0435 \u0438 \u043e\u0442\u0443\u0452\u0435\u045a\u0430 \u043f\u043e\u0458\u0435\u0434\u0438\u043d\u0446\u0430 \u043e\u0434 \u043c\u0430\u0442\u0438\u0446\u0435, \u043e\u0434 \u043a\u0443\u043b\u0442\u0443\u0440\u043d\u0438\u0445, \u0438\u0441\u0442\u043e\u0440\u0438\u0458\u0441\u043a\u0438\u0445, \u0434\u0443\u0445\u043e\u0432\u043d\u0438\u0445 \u043e\u0441\u043d\u043e\u0432\u0430 \u043d\u0430\u0448\u0435\u0433\u0430 \u0440\u043e\u0434\u0430.<\/p>\n<p>\u0421\u0443\u043e\u0447\u0435\u043d\u0430 \u0441\u0430 \u043e\u0432\u043e\u043c \u043f\u043e\u0458\u0430\u0432\u043e\u043c \u0421\u0440\u043f\u0441\u043a\u0430 \u041a\u0440\u0430\u0459\u0435\u0432\u0441\u043a\u0430 \u0410\u043a\u0430\u0434\u0435\u043c\u0438\u0458\u0430 \u043d\u0430\u0443\u0447\u043d\u0438\u043a\u0430 \u0438 \u0443\u043c\u0435\u0442\u043d\u0438\u043a\u0430 \u0443\u0447\u0438\u043d\u0438\u045b\u0435 \u0441\u0432\u0435 \u0448\u0442\u043e \u0458\u0435 \u0443 \u045a\u0435\u043d\u043e\u0458 \u043c\u043e\u045b\u0438, \u0434\u0430 \u043c\u0435\u0452\u0443\u0441\u043e\u0431\u043d\u043e \u043f\u043e\u0432\u0435\u0436\u0435 \u0438 \u043e\u043a\u0443\u043f\u0438 \u0448\u0442\u043e \u0432\u0435\u045b\u0438 \u0431\u0440\u043e\u0458 \u043c\u043b\u0430\u0434\u0438\u0445 \u0441\u0442\u0432\u0430\u0440\u0430\u043b\u0430\u0446\u0430, \u0443 \u0441\u0432\u0438\u043c \u043e\u0431\u043b\u0430\u0441\u0442\u0438\u043c\u0430 \u043f\u0440\u0438\u0440\u043e\u0434\u043d\u0438\u0445 \u0438 \u0434\u0440\u0443\u0448\u0442\u0432\u0435\u043d\u0438\u0445 \u043d\u0430\u0443\u043a\u0430 \u0438 \u0443\u043c\u0435\u0442\u043d\u043e\u0441\u0442\u0438, \u0438 \u0442\u0438\u043c\u0435 \u0434\u043e\u043f\u0440\u0438\u043d\u0435\u0441\u0435 \u0443\u0434\u0440\u0443\u0436\u0438\u0432\u0430\u045a\u0443 \u043f\u043e\u0442\u0435\u043d\u0446\u0438\u0458\u0430\u043b\u0430 \u043d\u0435\u043e\u043f\u0445\u043e\u0434\u043d\u043e\u0433 \u0437\u0430 \u043f\u0440\u0435\u043f\u043e\u0440\u043e\u0434 \u043d\u0430\u0448\u0435\u0433 \u0434\u0440\u0443\u0448\u0442\u0432\u0430.<\/p>\n<p>&nbsp;<\/p>\n\n<\/div><h2 class=\"tabtitle\">ENG<\/h2>\n<div class=\"tabcontent\">\n\n<h3><span style=\"color: #2a6c93;\">History of the Academy<\/span><\/h3>\n<p>Serbian Royal Academy scientists and artists, aims to after 126 years, continues to fulfill the duties and obligations of the former Serbian Royal Academy founded in 1886. Year and shut down at the beginning of the Second World War.<\/p>\n<p>Goals that put themselves before the Serbian Royal Academy at the time were that \u201cthe science and improve processes, install and maintain health based on scientific judgment, to disclose the causes and scientific research in the nature, society and history monuments that facilitates domesticating the higher arts, that the joint force for the progress of education perform what, why is a particular strength is insufficient.\u201d<\/p>\n<p>Today the Serbian Royal Academy scientists and artists undertook to realize these goals in the present conditions in which there is the Serbian people in the Diaspora and in his homeland, the Republic of Serbia.<\/p>\n<p>SKANU intends to bring together and promote scientific and artistic potential of our citizens in the Diaspora and in the homeland, especially to encourage children, and all of our other talented and hardworking people, that the foundations laid by Saint Sava, Nikola Tesla, the Holy Bishop Nikolaj Velimirovi\u0107, Joseph Pan\u010di\u0107, Milutin Milankovi\u0107, IMP and many others, contribute to the development and reputation of Serbia.<\/p>\n<p>The era of globalization leads to the disintegration of many associations, breaking up families, atomization and alienation of individuals from the mainstream of cultural, historical, spiritual basis of our species.<\/p>\n<p>Faced with the emergence of the Serbian Royal Academy scientists and artists will do everything in its power to connect with each other and gather as many young artists in all fields of natural and social sciences and the arts, and thus contribute to pooling resources necessary for the revival of our society.<\/p>\n\n<\/div><h2 class=\"tabtitle\">\u0420\u0423\u0421<\/h2>\n<div class=\"tabcontent\">\n\n<h3 id=\"tw-target-text\" class=\"tw-data-text vk_txt tw-ta tw-text-medium\" dir=\"ltr\" data-placeholder=\"\u041f\u0440\u0435\u0432\u043e\u0434\"><span style=\"color: #2a6c93;\">\u0418\u0441\u0442\u043e\u0440\u0438\u044f A\u043a\u0430\u0434\u0435\u043c\u0438\u0438<\/span><\/h3>\n<p>\u0421\u0435\u0440\u0431\u0441\u043a\u0430\u044f \u041a\u043e\u0440\u043e\u043b\u0435\u0432\u0441\u043a\u0430\u044f \u0410\u043a\u0430\u0434\u0435\u043c\u0438\u044f \u0443\u0447\u0451\u043d\u044b\u0445 \u0438 \u0445\u0443\u0434\u043e\u0436\u043d\u0438\u043a\u043e\u0432 \u043d\u0430 \u0441\u043e\u0432\u0440\u0435\u043c\u0435\u043d\u043d\u043e\u043c \u044d\u0442\u0430\u043f\u0435 \u0434\u043e\u0431\u0438\u0432\u0430\u0435\u0442\u0441\u044f \u0434\u043e\u0441\u0442\u0438\u0436\u0435\u043d\u0438\u044f \u0441\u043b\u0435\u0434\u0443\u044e\u0449\u0438\u0445 \u0446\u0435\u043b\u0435\u0439.<\/p>\n<p>\u0421\u041a\u0410\u041d\u0423 \u043d\u0430\u043c\u0435\u0440\u0435\u043d\u0430 \u043e\u0431\u044a\u0435\u0434\u0438\u043d\u044f\u0442\u044c \u043d\u0430\u0443\u0447\u043d\u044b\u0435 \u0438 \u043a\u0443\u043b\u044c\u0442\u0443\u0440\u043d\u044b\u0435 \u0434\u043e\u0441\u0442\u0438\u0436\u0435\u043d\u0438\u044f \u043d\u0430\u0440\u043e\u0434\u0430 \u0421\u0435\u0440\u0431\u0438\u0438 \u043a\u0430\u043a \u0432\u043d\u0443\u0442\u0440\u0438 \u0441\u0442\u0440\u0430\u043d\u044b, \u0442\u0430\u043a \u0438 \u0437\u0430 \u0440\u0443\u0431\u0435\u0436\u043e\u043c. \u0421\u0442\u0438\u043c\u0443\u043b\u0438\u0440\u043e\u0432\u0430\u0442\u044c \u043c\u043e\u043b\u043e\u0434\u044b\u0445 \u0443\u0447\u0451\u043d\u044b\u0445 \u0438 \u0434\u0440\u0443\u0433\u0438\u0445 \u0442\u0430\u043b\u0430\u043d\u0442\u043b\u0438\u0432\u044b\u0445 \u043f\u0440\u0435\u0434\u0441\u0442\u0430\u0432\u0438\u0442\u0435\u043b\u0435\u0439 \u043e\u0431\u0449\u0435\u0441\u0442\u0432\u0430 \u0440\u0430\u0437\u0432\u0438\u0432\u0430\u0442\u044c \u0438 \u043e\u0441\u0443\u0449\u0435\u0441\u0442\u0432\u043b\u044f\u0442\u044c \u0441\u0432\u043e\u044e \u0434\u0435\u044f\u0442\u0435\u043b\u044c\u043d\u043e\u0441\u0442\u044c \u043d\u0430 \u043e\u0441\u043d\u043e\u0432\u0435 \u0442\u0440\u0430\u0434\u0438\u0446\u0438\u0439, \u043a\u043e\u0442\u043e\u0440\u044b\u0435 \u0437\u0430\u043b\u043e\u0436\u0438\u043b\u0438 \u0421\u0432\u044f\u0442\u043e\u0439 \u0421\u0430\u0432\u0430, \u041d\u0438\u043a\u043e\u043b\u0430 \u0422\u0435\u0441\u043b\u0430, \u0421\u0432\u044f\u0442\u043e\u0439 \u0412\u043b\u0430\u0434\u044b\u043a\u0430 \u041d\u0438\u043a\u043e\u043b\u0430\u0439 \u0412\u0435\u043b\u0438\u043c\u0438\u0440\u043e\u0432\u0438\u0447, \u0418\u0451\u0441\u0438\u0444 \u041f\u0430\u043d\u0447\u0438\u0447, \u041c\u0438\u043b\u0443\u0442\u0438\u043d \u041c\u0438\u043b\u0430\u043d\u043a\u043e\u0432\u0438\u0447, \u041c\u0438\u0445\u0430\u0438\u043b\u043e \u041f\u0443\u043f\u0438\u043d \u0438 \u0434\u0440\u0443\u0433\u0438\u0435 \u0432\u044b\u0434\u0430\u044e\u0449\u0438\u0435\u0441\u044f \u0440\u0435\u043b\u0438\u0433\u0438\u043e\u0437\u043d\u044b\u0435 \u0434\u0435\u044f\u0442\u0435\u043b\u0438, \u043f\u0440\u0435\u0434\u0441\u0442\u0430\u0432\u0438\u0442\u0435\u043b\u0438 \u043d\u0430\u0443\u043a\u0438 \u0438 \u043a\u0443\u043b\u044c\u0442\u0443\u0440\u044b.<\/p>\n<p>\u0413\u043b\u043e\u0431\u0430\u043b\u0438\u0437\u0430\u0446\u0438\u044f \u043f\u0440\u0438\u0432\u043e\u0434\u0438\u0442 \u043a \u0440\u0430\u0437\u0434\u0435\u043b\u0435\u043d\u0438\u044e \u043c\u043d\u043e\u0433\u0438\u0445 \u0442\u0440\u0430\u0434\u0438\u0446\u0438\u043e\u043d\u043d\u044b\u0445 \u043e\u0431\u0449\u0435\u0441\u0442\u0432\u0435\u043d\u043d\u044b\u0445 \u0438\u043d\u0441\u0442\u0438\u0442\u0443\u0442\u043e\u0432, \u0440\u0430\u0437\u043e\u0431\u0449\u0435\u043d\u0438\u044e \u0441\u0435\u043c\u044c\u0438, \u043e\u0442\u0442\u043e\u0440\u0436\u0435\u043d\u0438\u044e \u0440\u043e\u0434\u0438\u043d\u044b \u0432 \u0441\u043e\u0446\u0438\u0430\u043b\u044c\u043d\u043e- \u0438\u0441\u0442\u043e\u0440\u0438\u0447\u0435\u0441\u043a\u043e\u043c, \u0430 \u0442\u0430\u043a\u0436\u0435 \u0434\u0443\u0445\u043e\u0432\u043d\u043e\u043c \u0441\u043c\u044b\u0441\u043b\u0435.<\/p>\n<p>\u0421\u0435\u0440\u0431\u0441\u043a\u0430\u044f \u041a\u043e\u0440\u043e\u043b\u0435\u0432\u0441\u043a\u0430\u044f \u0410\u043a\u0430\u0434\u0435\u043c\u0438\u044f \u0443\u0447\u0451\u043d\u044b\u0445 \u0438 \u0445\u0443\u0434\u043e\u0436\u043d\u0438\u043a\u043e\u0432 \u0441\u043e \u0441\u0432\u043e\u0435\u0439 \u0441\u0442\u043e\u0440\u043e\u043d\u044b \u0431\u0443\u0434\u0435\u0442 \u0434\u0435\u043b\u0430\u0442\u044c \u0432\u0441\u0451 \u0432\u043e\u0437\u043c\u043e\u0436\u043d\u043e\u0435, \u0447\u0442\u043e\u0431\u044b \u043f\u0440\u0438\u0432\u043b\u0435\u0447\u044c \u043a \u0441\u0432\u043e\u0435\u0439 \u0440\u0430\u0431\u043e\u0442\u0435 \u043f\u043e \u0432\u043e\u0437\u0440\u043e\u0436\u0434\u0435\u043d\u0438\u044e \u043e\u0431\u0449\u0435\u0441\u0442\u0432\u0430 \u0438 \u0435\u0433\u043e \u0442\u0440\u0430\u0434\u0438\u0446\u0438\u043e\u043d\u043d\u044b\u0445 \u0446\u0435\u043d\u043d\u043e\u0441\u0442\u0435\u0439 \u043c\u043e\u043b\u043e\u0434\u044b\u0445 \u0443\u0447\u0451\u043d\u044b\u0445 \u0432\u0441\u0435\u0445 \u043e\u0431\u043b\u0430\u0441\u0442\u0435\u0439 \u043d\u0430\u0443\u0447\u043d\u043e-\u0435\u0441\u0442\u0435\u0441\u0442\u0432\u0435\u043d\u043d\u044b\u0445 \u0438 \u0433\u0443\u043c\u0430\u043d\u0438\u0442\u0430\u0440\u043d\u044b\u0445 \u043d\u0430\u0443\u043a, \u0438 \u0442\u0430\u043a\u0438\u043c \u043e\u0431\u0440\u0430\u0437\u043e\u043c \u0441\u043e\u0434\u0435\u0439\u0441\u0442\u0432\u043e\u0432\u0430\u0442\u044c \u043e\u0431\u044a\u0435\u0434\u0438\u043d\u0435\u043d\u0438\u044e \u043e\u0431\u0449\u0435\u0441\u0442\u0432\u0435\u043d\u043d\u043e-\u0437\u043d\u0430\u0447\u0438\u043c\u044b\u0445 \u043f\u043e\u0442\u0435\u043d\u0446\u0438\u0430\u043b\u043e\u0432.<\/p>\n<\/div><\/div>\n","protected":false},"excerpt":{"rendered":"<p>\u0418\u0441\u0442\u043e\u0440\u0438\u0458\u0430\u0442 \u0410\u043a\u0430\u0434\u0435\u043c\u0438\u0458\u0435 \u0421\u0440\u043f\u0441\u043a\u0430 \u041a\u0440\u0430\u0459\u0435\u0432\u0441\u043a\u0430 \u0410\u043a\u0430\u0434\u0435\u043c\u0438\u0458\u0430 \u043d\u0430\u0443\u0447\u043d\u0438\u043a\u0430 \u0438 \u0443\u043c\u0435\u0442\u043d\u0438\u043a\u0430 \u0438\u043c\u0430 \u0446\u0438\u0459 \u0434\u0430 \u043f\u043e\u0441\u043b\u0435 126 \u0433\u043e\u0434\u0438\u043d\u0430, \u043d\u0430\u0441\u0442\u0430\u0432\u0438 \u0434\u0430 \u0438\u0441\u043f\u0443\u045a\u0430\u0432\u0430 \u0437\u0430\u0434\u0430\u0442\u043a\u0435 \u0438 \u043e\u0431\u0430\u0432\u0435\u0437\u0435 \u043d\u0435\u0433\u0434\u0430\u0448\u045a\u0435 \u0421\u0440\u043f\u0441\u043a\u0435 \u041a\u0440\u0430\u0459\u0435\u0432\u0441\u043a\u0435 \u0410\u043a\u0430\u0434\u0435\u043c\u0438\u0458\u0435 \u043e\u0441\u043d\u043e\u0432\u0430\u043d\u0435 1886. \u0433\u043e\u0434\u0438\u043d\u0435 \u0430 \u0443\u0433\u0430\u0448\u0435\u043d\u0435 \u043d\u0430 \u043f\u043e\u0447\u0435\u0442\u043a\u0443 \u0414\u0440\u0443\u0433\u043e\u0433 \u0421\u0432\u0435\u0442\u0441\u043a\u0433 \u0440\u0430\u0442\u0430. \u0426\u0438\u0459\u0435\u0432\u0438 \u043a\u043e\u0458\u0435 \u0458\u0435 \u043f\u0440\u0435\u0434 \u0441\u0435\u0431\u0435 \u043f\u043e\u0441\u0442\u0430\u0432\u0438\u043b\u0430 \u0421\u0440\u043f\u0441\u043a\u0430 \u041a\u0440\u0430\u0459\u0435\u0432\u0441\u043a\u0430 \u0410\u043a\u0430\u0434\u0435\u043c\u0438\u0458\u0430 \u0443 \u0442\u043e \u0432\u0440\u0435\u043c\u0435 \u0431\u0438\u043b\u0438 \u0441\u0443 \u0434\u0430 \u201e\u043d\u0430\u0443\u043a\u0443 \u043e\u0431\u0440\u0430\u0452\u0443\u0458\u0435 \u0438 \u0443\u043d\u0430\u043f\u0440\u0435\u0452\u0443\u0458\u0435, \u0434\u0430 \u043f\u043e\u0441\u0442\u0430\u0432\u0459\u0430 [&hellip;]<\/p>\n","protected":false},"author":1,"featured_media":0,"parent":0,"menu_order":0,"comment_status":"closed","ping_status":"closed","template":"","meta":{"footnotes":""},"aioseo_notices":[],"_links":{"self":[{"href":"https:\/\/kraljevska-akademija.edu.rs\/index.php?rest_route=\/wp\/v2\/pages\/18"}],"collection":[{"href":"https:\/\/kraljevska-akademija.edu.rs\/index.php?rest_route=\/wp\/v2\/pages"}],"about":[{"href":"https:\/\/kraljevska-akademija.edu.rs\/index.php?rest_route=\/wp\/v2\/types\/page"}],"author":[{"embeddable":true,"href":"https:\/\/kraljevska-akademija.edu.rs\/index.php?rest_route=\/wp\/v2\/users\/1"}],"replies":[{"embeddable":true,"href":"https:\/\/kraljevska-akademija.edu.rs\/index.php?rest_route=%2Fwp%2Fv2%2Fcomments&post=18"}],"version-history":[{"count":27,"href":"https:\/\/kraljevska-akademija.edu.rs\/index.php?rest_route=\/wp\/v2\/pages\/18\/revisions"}],"predecessor-version":[{"id":1482,"href":"https:\/\/kraljevska-akademija.edu.rs\/index.php?rest_route=\/wp\/v2\/pages\/18\/revisions\/1482"}],"wp:attachment":[{"href":"https:\/\/kraljevska-akademija.edu.rs\/index.php?rest_route=%2Fwp%2Fv2%2Fmedia&parent=18"}],"curies":[{"name":"wp","href":"https:\/\/api.w.org\/{rel}","templated":true}]}}